{"id":24,"date":"2018-04-15T09:15:50","date_gmt":"2018-04-15T07:15:50","guid":{"rendered":"http:\/\/localhost\/wordpress\/?page_id=24"},"modified":"2020-05-23T01:29:43","modified_gmt":"2020-05-22T23:29:43","slug":"konkursi","status":"publish","type":"page","link":"https:\/\/skforum.at\/wp\/aktivnosti\/konkursi\/","title":{"rendered":"Konkursi"},"content":{"rendered":"<p>[et_pb_section fb_built=&#8221;1&#8243; _builder_version=&#8221;3.17.6&#8243; use_background_color_gradient=&#8221;on&#8221; background_color_gradient_start=&#8221;#f7f3ea&#8221; background_color_gradient_end=&#8221;#f0830e&#8221; background_color_gradient_direction=&#8221;200deg&#8221; background_color_gradient_start_position=&#8221;50%&#8221; background_color_gradient_end_position=&#8221;50%&#8221; background_image=&#8221;http:\/\/skforum.at\/wp\/wp-content\/uploads\/2018\/08\/bg-4.png&#8221; background_size=&#8221;initial&#8221; background_position=&#8221;top_left&#8221; bottom_divider_height=&#8221;35px&#8221; bottom_divider_height_phone=&#8221;30px&#8221; bottom_divider_height_last_edited=&#8221;on|phone&#8221;][et_pb_row custom_padding=&#8221;100px|0px|32px|0px|false|false&#8221; custom_padding_phone=&#8221;50px|||&#8221; custom_padding_last_edited=&#8221;on|phone&#8221; _builder_version=&#8221;3.11.1&#8243; background_size=&#8221;initial&#8221; background_position=&#8221;top_left&#8221; background_repeat=&#8221;repeat&#8221;][et_pb_column type=&#8221;4_4&#8243; _builder_version=&#8221;3.0.47&#8243; parallax=&#8221;off&#8221; parallax_method=&#8221;on&#8221;][et_pb_text admin_label=&#8221;Contact Title&#8221; _builder_version=&#8221;3.17.6&#8243; text_text_color=&#8221;#1a1a1a&#8221; header_font=&#8221;Cabin|700||on|||||&#8221; header_text_align=&#8221;center&#8221; header_font_size=&#8221;60px&#8221; header_font_size_phone=&#8221;40px&#8221; header_font_size_last_edited=&#8221;on|phone&#8221; header_line_height=&#8221;1.3em&#8221; background_size=&#8221;initial&#8221; background_position=&#8221;top_left&#8221; background_repeat=&#8221;repeat&#8221; max_width=&#8221;730px&#8221; module_alignment=&#8221;center&#8221; custom_margin=&#8221;|||&#8221; custom_padding=&#8221;|||&#8221; animation_direction=&#8221;top&#8221; locked=&#8221;off&#8221;]<\/p>\n<h1 class=\"rt-article-title\"><strong>KONKURSI<\/strong><\/h1>\n<p>[\/et_pb_text][et_pb_divider divider_position=&#8221;center&#8221; divider_weight=&#8221;3px&#8221; height=&#8221;false&#8221; disabled_on=&#8221;off|off|off%22&#8243; _builder_version=&#8221;3.17.6&#8243; max_width=&#8221;150px&#8221; module_alignment=&#8221;center&#8221; custom_margin=&#8221;30px|||&#8221; animation_style=&#8221;slide&#8221; animation_direction=&#8221;top&#8221; animation_delay=&#8221;100ms&#8221; animation_intensity_slide=&#8221;10%&#8221; locked=&#8221;off&#8221;][\/et_pb_divider][\/et_pb_column][\/et_pb_row][et_pb_row custom_padding=&#8221;0px||0px||false&#8221; custom_margin=&#8221;0px||0px||false&#8221; make_equal=&#8221;on&#8221; padding_right_2=&#8221;0px&#8221; padding_left_1=&#8221;0px&#8221; _builder_version=&#8221;3.17.6&#8243; background_color=&#8221;#f4f4f4&#8243; border_radii=&#8221;on|30px|30px|30px|30px&#8221; box_shadow_style=&#8221;preset2&#8243; module_id=&#8221;konkursi&#8221;][et_pb_column type=&#8221;4_4&#8243; _builder_version=&#8221;3.0.47&#8243; padding_left=&#8221;0px&#8221; parallax=&#8221;off&#8221; parallax_method=&#8221;on&#8221;][et_pb_blog fullwidth=&#8221;off&#8221; posts_number=&#8221;6&#8243; include_categories=&#8221;148&#8243; show_author=&#8221;off&#8221; show_date=&#8221;off&#8221; show_categories=&#8221;off&#8221; use_overlay=&#8221;on&#8221; overlay_icon_color=&#8221;#ffffff&#8221; hover_overlay_color=&#8221;rgba(240,131,14,0.78)&#8221; hover_icon=&#8221;%%15%%&#8221; module_id=&#8221;post&#8221; module_class=&#8221;sensei-grid, asddsa&#8221; _builder_version=&#8221;3.17.6&#8243; header_font=&#8221;|600||on|||||&#8221; header_text_align=&#8221;center&#8221; header_font_size_phone=&#8221;20px&#8221; header_font_size_last_edited=&#8221;on|phone&#8221; header_letter_spacing=&#8221;1px&#8221; header_line_height=&#8221;1.5em&#8221; body_font=&#8221;||on||||||&#8221; body_font_size=&#8221;14px&#8221; body_font_size_phone=&#8221;13px&#8221; body_font_size_last_edited=&#8221;on|desktop&#8221; body_line_height=&#8221;1.6em&#8221; meta_font=&#8221;||||||||&#8221; pagination_font=&#8221;Button||||||||&#8221; pagination_letter_spacing=&#8221;1px&#8221; border_radii=&#8221;on|12px|12px|12px|12px&#8221; box_shadow_style=&#8221;preset2&#8243; text_orientation=&#8221;left&#8221; custom_margin=&#8221;|50px|25px|50px|false|true&#8221; custom_margin_phone=&#8221;25px|15px|0px|15px|false|true&#8221; custom_margin_last_edited=&#8221;on|phone&#8221; custom_padding=&#8221;||||true&#8221; animation_direction=&#8221;right&#8221; hover_transition_duration=&#8221;400ms&#8221; custom_css_main_element=&#8221;border-radius: 12px;&#8221; custom_css_content=&#8221;padding-top: 15px;||padding-bottom: 30px;&#8221; custom_css_read_more=&#8221;border: 2px solid #2ea3f290;||padding: 4px;||text-transform: uppercase;&#8221;][\/et_pb_blog][\/et_pb_column][\/et_pb_row][\/et_pb_section][et_pb_section fb_built=&#8221;1&#8243; admin_label=&#8221;Section&#8221; _builder_version=&#8221;3.17.6&#8243; background_color=&#8221;#f4f4f4&#8243; custom_padding=&#8221;1px||0px||false|false&#8221; custom_padding_tablet=&#8221;0px||0px|&#8221; top_divider_height=&#8221;35px&#8221; top_divider_height_phone=&#8221;30px&#8221; top_divider_height_last_edited=&#8221;on|phone&#8221; transparent_background=&#8221;off&#8221; padding_mobile=&#8221;on&#8221; global_module=&#8221;6947&#8243; saved_tabs=&#8221;all&#8221;][et_pb_row use_custom_gutter=&#8221;on&#8221; gutter_width=&#8221;2&#8243; custom_padding=&#8221;50px||50px||false|false&#8221; column_padding_mobile=&#8221;on&#8221; parallax_method_1=&#8221;off&#8221; parallax_method_2=&#8221;off&#8221; parallax_method_3=&#8221;off&#8221; _builder_version=&#8221;3.17.6&#8243; background_size=&#8221;initial&#8221; background_position=&#8221;top_left&#8221; background_repeat=&#8221;repeat&#8221;][et_pb_column type=&#8221;1_4&#8243; _builder_version=&#8221;3.0.47&#8243; column_padding_mobile=&#8221;on&#8221; parallax=&#8221;off&#8221; parallax_method=&#8221;off&#8221;][et_pb_image src=&#8221;http:\/\/skforum.at\/wp\/wp-content\/uploads\/2019\/01\/SKForum-A1-Logo.png&#8221; _builder_version=&#8221;3.17.6&#8243; max_width=&#8221;80%&#8221; module_alignment=&#8221;left&#8221;][\/et_pb_image][\/et_pb_column][et_pb_column type=&#8221;1_4&#8243; _builder_version=&#8221;3.0.47&#8243; column_padding_mobile=&#8221;on&#8221; parallax=&#8221;off&#8221; parallax_method=&#8221;off&#8221;][et_pb_text _builder_version=&#8221;3.17.6&#8243; text_font=&#8221;Source Sans Pro|on|||&#8221; text_text_color=&#8221;#f0830e&#8221; text_font_size=&#8221;18&#8243; text_line_height=&#8221;1.4em&#8221; background_size=&#8221;initial&#8221; background_position=&#8221;top_left&#8221; background_repeat=&#8221;repeat&#8221; custom_margin=&#8221;||8px|&#8221; use_border_color=&#8221;off&#8221; border_color=&#8221;#ffffff&#8221; border_style=&#8221;solid&#8221;]<\/p>\n<p>KO SMO MI?<\/p>\n<p>[\/et_pb_text][et_pb_text admin_label=&#8221;Section&#8221; _builder_version=&#8221;3.17.6&#8243; text_font=&#8221;Source Sans Pro|||on|||||&#8221; text_text_color=&#8221;#780b00&#8243; text_font_size=&#8221;15px&#8221; text_line_height=&#8221;2.2em&#8221; background_size=&#8221;initial&#8221; background_position=&#8221;top_left&#8221; background_repeat=&#8221;repeat&#8221; custom_padding=&#8221;0px|||&#8221; use_border_color=&#8221;off&#8221; border_color=&#8221;#ffffff&#8221; border_style=&#8221;solid&#8221;]<\/p>\n<p><span style=\"color: #780b00;\"><a style=\"color: #780b00;\" href=\"http:\/\/skforum.at\/o-nama\/pogled-u-nas-svet\/\">Pogled U Na\u0161 Svet<\/a><\/span><br \/>\n<span style=\"color: #780b00;\"><a style=\"color: #780b00;\" href=\"http:\/\/skforum.at\/o-nama\/misija-i-vizija\/\">Misija I Vizija<\/a><\/span><br \/>\n<span style=\"color: #780b00;\"><a style=\"color: #780b00;\" href=\"http:\/\/skforum.at\/o-nama\/nase-aktivnosti\/\">Na\u0161e Aktivnosti<\/a><\/span><br \/>\n<span style=\"color: #ffffff;\"><a style=\"color: #780b00;\" href=\"http:\/\/skforum.at\/o-nama\/drugi-o-nama\/\">Drugi O Nama<\/a><\/span><\/p>\n<p>[\/et_pb_text][\/et_pb_column][et_pb_column type=&#8221;1_4&#8243; _builder_version=&#8221;3.0.47&#8243; column_padding_mobile=&#8221;on&#8221; parallax=&#8221;off&#8221; parallax_method=&#8221;off&#8221;][et_pb_text _builder_version=&#8221;3.17.6&#8243; text_font=&#8221;Source Sans Pro|700||on|||||&#8221; text_text_color=&#8221;#f0830e&#8221; text_font_size=&#8221;18&#8243; text_line_height=&#8221;1.4em&#8221; background_size=&#8221;initial&#8221; background_position=&#8221;top_left&#8221; background_repeat=&#8221;repeat&#8221; custom_margin=&#8221;||8px|&#8221; use_border_color=&#8221;off&#8221; border_color=&#8221;#ffffff&#8221; border_style=&#8221;solid&#8221;]<\/p>\n<p>Kontaktirajte nas:<\/p>\n<p>[\/et_pb_text][et_pb_text _builder_version=&#8221;3.17.6&#8243; text_font=&#8221;Source Sans Pro|||on|||||&#8221; text_text_color=&#8221;#ffffff&#8221; text_font_size=&#8221;15px&#8221; text_line_height=&#8221;2.2em&#8221; header_font=&#8221;||||||||&#8221; header_text_color=&#8221;#ffffff&#8221; background_size=&#8221;initial&#8221; background_position=&#8221;top_left&#8221; background_repeat=&#8221;repeat&#8221; custom_padding=&#8221;0px|||&#8221; use_border_color=&#8221;off&#8221; border_color=&#8221;#ffffff&#8221; border_style=&#8221;solid&#8221;]<\/p>\n<p><span style=\"color: #780b00;\"><a style=\"color: #780b00;\" href=\"http:\/\/skforum.at\/kontakt\/generalni-kontakt\/\">Generalni Kontakt<\/a><\/span><br \/><a href=\"http:\/\/skforum.at\/kontakt\/clanovi-foruma\/\"><span style=\"color: #780b00;\">\u010clanovi Foruma<\/span><\/a><\/p>\n<p>[\/et_pb_text][\/et_pb_column][et_pb_column type=&#8221;1_4&#8243; _builder_version=&#8221;3.0.47&#8243; column_padding_mobile=&#8221;on&#8221; parallax=&#8221;off&#8221; parallax_method=&#8221;on&#8221;][et_pb_text _builder_version=&#8221;3.17.6&#8243; text_font=&#8221;Source Sans Pro|on|||&#8221; text_text_color=&#8221;#f0830e&#8221; text_font_size=&#8221;18&#8243; text_line_height=&#8221;1.4em&#8221; background_size=&#8221;initial&#8221; background_position=&#8221;top_left&#8221; background_repeat=&#8221;repeat&#8221; custom_margin=&#8221;||8px|&#8221; use_border_color=&#8221;off&#8221; border_color=&#8221;#ffffff&#8221; border_style=&#8221;solid&#8221;]<\/p>\n<p>PRATITE NAS:<\/p>\n<p>[\/et_pb_text][et_pb_social_media_follow url_new_window=&#8221;off&#8221; _builder_version=&#8221;3.17.6&#8243; border_radii=&#8221;on|100%|100%|100%|100%&#8221; box_shadow_style=&#8221;preset3&#8243; text_orientation=&#8221;left&#8221; link_shape=&#8221;circle&#8221;][et_pb_social_media_follow_network social_network=&#8221;facebook&#8221; url=&#8221;https:\/\/www.facebook.com\/SKForum-Wien-159155500768268\/?ref=ts&#8221; _builder_version=&#8221;3.17.6&#8243; background_color=&#8221;#3b5998&#8243; bg_color=&#8221;#3b5998&#8243; link_shape=&#8221;circle&#8221; follow_button=&#8221;off&#8221; url_new_window=&#8221;off&#8221;]<\/p>\n<p>facebook<\/p>\n<p>[\/et_pb_social_media_follow_network][\/et_pb_social_media_follow][et_pb_button button_url=&#8221;http:\/\/skforum.at\/kontakt\/generalni-kontakt\/&#8221; button_text=&#8221;KONTAKTIRAJTE NAS!&#8221; button_alignment=&#8221;center&#8221; _builder_version=&#8221;3.17.6&#8243; custom_button=&#8221;on&#8221; button_text_size=&#8221;18&#8243; button_text_color=&#8221;#ffffff&#8221; button_bg_color=&#8221;#f0830e&#8221; button_border_width=&#8221;0px&#8221; button_border_color=&#8221;#2ea3f2&#8243; button_border_radius=&#8221;5px&#8221; button_font=&#8221;Source Sans Pro||||&#8221; button_icon=&#8221;%%20%%&#8221; button_icon_color=&#8221;#ffffff&#8221; box_shadow_style=&#8221;preset3&#8243; custom_css_main_element=&#8221;width:100%;||transition: all .2s&#8221; button_text_color_hover=&#8221;#ffffff&#8221; button_border_color_hover=&#8221;#d94b6a&#8221; button_border_radius_hover=&#8221;100&#8243; button_letter_spacing_hover=&#8221;0&#8243; button_bg_color_hover=&#8221;#d94b6a&#8221; locked=&#8221;off&#8221; button_text_size__hover_enabled=&#8221;off&#8221; button_one_text_size__hover_enabled=&#8221;off&#8221; button_two_text_size__hover_enabled=&#8221;off&#8221; button_text_color__hover_enabled=&#8221;on&#8221; button_text_color__hover=&#8221;#ffffff&#8221; button_one_text_color__hover_enabled=&#8221;off&#8221; button_two_text_color__hover_enabled=&#8221;off&#8221; button_border_width__hover_enabled=&#8221;off&#8221; button_one_border_width__hover_enabled=&#8221;off&#8221; button_two_border_width__hover_enabled=&#8221;off&#8221; button_border_color__hover_enabled=&#8221;on&#8221; button_border_color__hover=&#8221;rgba(46,163,242,0.85)&#8221; button_one_border_color__hover_enabled=&#8221;off&#8221; button_two_border_color__hover_enabled=&#8221;off&#8221; button_border_radius__hover_enabled=&#8221;on&#8221; button_border_radius__hover=&#8221;5px&#8221; button_one_border_radius__hover_enabled=&#8221;off&#8221; button_two_border_radius__hover_enabled=&#8221;off&#8221; button_letter_spacing__hover_enabled=&#8221;on&#8221; button_letter_spacing__hover=&#8221;0&#8243; button_one_letter_spacing__hover_enabled=&#8221;off&#8221; button_two_letter_spacing__hover_enabled=&#8221;off&#8221; button_bg_color__hover_enabled=&#8221;on&#8221; button_bg_color__hover=&#8221;rgba(240,131,14,0.6)&#8221; button_one_bg_color__hover_enabled=&#8221;off&#8221; button_two_bg_color__hover_enabled=&#8221;off&#8221;][\/et_pb_button][\/et_pb_column][\/et_pb_row][\/et_pb_section]<\/p>\n","protected":false},"excerpt":{"rendered":"<p>KONKURSIKO SMO MI?Pogled U Na\u0161 Svet Misija I Vizija Na\u0161e Aktivnosti Drugi O NamaKontaktirajte nas:Generalni Kontakt\u010clanovi ForumaPRATITE NAS:<\/p>\n","protected":false},"author":1,"featured_media":0,"parent":15,"menu_order":0,"comment_status":"closed","ping_status":"closed","template":"","meta":{"_et_pb_use_builder":"on","_et_pb_old_content":"","_et_gb_content_width":"","footnotes":"","_links_to":"","_links_to_target":""},"class_list":["post-24","page","type-page","status-publish","hentry"],"yoast_head":"<!-- This site is optimized with the Yoast SEO plugin v27.4 - https:\/\/yoast.com\/product\/yoast-seo-wordpress\/ -->\n<title>Konkursi | SKForum<\/title>\n<meta name=\"robots\" content=\"index, follow, max-snippet:-1, max-image-preview:large, max-video-preview:-1\" \/>\n<link rel=\"canonical\" href=\"https:\/\/skforum.at\/wp\/aktivnosti\/konkursi\/\" \/>\n<meta property=\"og:locale\" content=\"en_US\" \/>\n<meta property=\"og:type\" content=\"article\" \/>\n<meta property=\"og:title\" content=\"Konkursi | SKForum\" \/>\n<meta property=\"og:description\" content=\"KONKURSIKO SMO MI?Pogled U Na\u0161 Svet Misija I Vizija Na\u0161e Aktivnosti Drugi O NamaKontaktirajte nas:Generalni Kontakt\u010clanovi ForumaPRATITE NAS:\" \/>\n<meta property=\"og:url\" content=\"https:\/\/skforum.at\/wp\/aktivnosti\/konkursi\/\" \/>\n<meta property=\"og:site_name\" content=\"SKForum\" \/>\n<meta property=\"article:publisher\" content=\"https:\/\/www.facebook.com\/SKForum-159155500768268\/?ref=ts\" \/>\n<meta property=\"article:modified_time\" content=\"2020-05-22T23:29:43+00:00\" \/>\n<meta property=\"og:image\" content=\"https:\/\/skforum.at\/wp\/wp-content\/uploads\/2023\/03\/SKForum.jpg\" \/>\n\t<meta property=\"og:image:width\" content=\"1200\" \/>\n\t<meta property=\"og:image:height\" content=\"630\" \/>\n\t<meta property=\"og:image:type\" content=\"image\/jpeg\" \/>\n<meta name=\"twitter:card\" content=\"summary_large_image\" \/>\n<meta name=\"twitter:label1\" content=\"Est. reading time\" \/>\n\t<meta name=\"twitter:data1\" content=\"6 minutes\" \/>\n<script type=\"application\/ld+json\" class=\"yoast-schema-graph\">{\"@context\":\"https:\\\/\\\/schema.org\",\"@graph\":[{\"@type\":\"WebPage\",\"@id\":\"https:\\\/\\\/skforum.at\\\/wp\\\/aktivnosti\\\/konkursi\\\/\",\"url\":\"https:\\\/\\\/skforum.at\\\/wp\\\/aktivnosti\\\/konkursi\\\/\",\"name\":\"Konkursi | SKForum\",\"isPartOf\":{\"@id\":\"https:\\\/\\\/skforum.at\\\/wp\\\/#website\"},\"datePublished\":\"2018-04-15T07:15:50+00:00\",\"dateModified\":\"2020-05-22T23:29:43+00:00\",\"breadcrumb\":{\"@id\":\"https:\\\/\\\/skforum.at\\\/wp\\\/aktivnosti\\\/konkursi\\\/#breadcrumb\"},\"inLanguage\":\"en-US\",\"potentialAction\":[{\"@type\":\"ReadAction\",\"target\":[\"https:\\\/\\\/skforum.at\\\/wp\\\/aktivnosti\\\/konkursi\\\/\"]}]},{\"@type\":\"BreadcrumbList\",\"@id\":\"https:\\\/\\\/skforum.at\\\/wp\\\/aktivnosti\\\/konkursi\\\/#breadcrumb\",\"itemListElement\":[{\"@type\":\"ListItem\",\"position\":1,\"name\":\"Home\",\"item\":\"https:\\\/\\\/skforum.at\\\/wp\\\/\"},{\"@type\":\"ListItem\",\"position\":2,\"name\":\"AKTIVNOSTI\",\"item\":\"https:\\\/\\\/skforum.at\\\/wp\\\/aktivnosti\\\/\"},{\"@type\":\"ListItem\",\"position\":3,\"name\":\"Konkursi\"}]},{\"@type\":\"WebSite\",\"@id\":\"https:\\\/\\\/skforum.at\\\/wp\\\/#website\",\"url\":\"https:\\\/\\\/skforum.at\\\/wp\\\/\",\"name\":\"SKForum\",\"description\":\"SKForum\",\"publisher\":{\"@id\":\"https:\\\/\\\/skforum.at\\\/wp\\\/#organization\"},\"potentialAction\":[{\"@type\":\"SearchAction\",\"target\":{\"@type\":\"EntryPoint\",\"urlTemplate\":\"https:\\\/\\\/skforum.at\\\/wp\\\/?s={search_term_string}\"},\"query-input\":{\"@type\":\"PropertyValueSpecification\",\"valueRequired\":true,\"valueName\":\"search_term_string\"}}],\"inLanguage\":\"en-US\"},{\"@type\":\"Organization\",\"@id\":\"https:\\\/\\\/skforum.at\\\/wp\\\/#organization\",\"name\":\"SKForum\",\"url\":\"https:\\\/\\\/skforum.at\\\/wp\\\/\",\"logo\":{\"@type\":\"ImageObject\",\"inLanguage\":\"en-US\",\"@id\":\"https:\\\/\\\/skforum.at\\\/wp\\\/#\\\/schema\\\/logo\\\/image\\\/\",\"url\":\"https:\\\/\\\/skforum.at\\\/wp\\\/wp-content\\\/uploads\\\/2019\\\/01\\\/SKForum-A1-Logo_manji.png\",\"contentUrl\":\"https:\\\/\\\/skforum.at\\\/wp\\\/wp-content\\\/uploads\\\/2019\\\/01\\\/SKForum-A1-Logo_manji.png\",\"width\":333,\"height\":285,\"caption\":\"SKForum\"},\"image\":{\"@id\":\"https:\\\/\\\/skforum.at\\\/wp\\\/#\\\/schema\\\/logo\\\/image\\\/\"},\"sameAs\":[\"https:\\\/\\\/www.facebook.com\\\/SKForum-159155500768268\\\/?ref=ts\",\"https:\\\/\\\/www.instagram.com\\\/skforum_vienna\\\/\"]}]}<\/script>\n<!-- \/ Yoast SEO plugin. -->","yoast_head_json":{"title":"Konkursi | SKForum","robots":{"index":"index","follow":"follow","max-snippet":"max-snippet:-1","max-image-preview":"max-image-preview:large","max-video-preview":"max-video-preview:-1"},"canonical":"https:\/\/skforum.at\/wp\/aktivnosti\/konkursi\/","og_locale":"en_US","og_type":"article","og_title":"Konkursi | SKForum","og_description":"KONKURSIKO SMO MI?Pogled U Na\u0161 Svet Misija I Vizija Na\u0161e Aktivnosti Drugi O NamaKontaktirajte nas:Generalni Kontakt\u010clanovi ForumaPRATITE NAS:","og_url":"https:\/\/skforum.at\/wp\/aktivnosti\/konkursi\/","og_site_name":"SKForum","article_publisher":"https:\/\/www.facebook.com\/SKForum-159155500768268\/?ref=ts","article_modified_time":"2020-05-22T23:29:43+00:00","og_image":[{"width":1200,"height":630,"url":"https:\/\/skforum.at\/wp\/wp-content\/uploads\/2023\/03\/SKForum.jpg","type":"image\/jpeg"}],"twitter_card":"summary_large_image","twitter_misc":{"Est. reading time":"6 minutes"},"schema":{"@context":"https:\/\/schema.org","@graph":[{"@type":"WebPage","@id":"https:\/\/skforum.at\/wp\/aktivnosti\/konkursi\/","url":"https:\/\/skforum.at\/wp\/aktivnosti\/konkursi\/","name":"Konkursi | SKForum","isPartOf":{"@id":"https:\/\/skforum.at\/wp\/#website"},"datePublished":"2018-04-15T07:15:50+00:00","dateModified":"2020-05-22T23:29:43+00:00","breadcrumb":{"@id":"https:\/\/skforum.at\/wp\/aktivnosti\/konkursi\/#breadcrumb"},"inLanguage":"en-US","potentialAction":[{"@type":"ReadAction","target":["https:\/\/skforum.at\/wp\/aktivnosti\/konkursi\/"]}]},{"@type":"BreadcrumbList","@id":"https:\/\/skforum.at\/wp\/aktivnosti\/konkursi\/#breadcrumb","itemListElement":[{"@type":"ListItem","position":1,"name":"Home","item":"https:\/\/skforum.at\/wp\/"},{"@type":"ListItem","position":2,"name":"AKTIVNOSTI","item":"https:\/\/skforum.at\/wp\/aktivnosti\/"},{"@type":"ListItem","position":3,"name":"Konkursi"}]},{"@type":"WebSite","@id":"https:\/\/skforum.at\/wp\/#website","url":"https:\/\/skforum.at\/wp\/","name":"SKForum","description":"SKForum","publisher":{"@id":"https:\/\/skforum.at\/wp\/#organization"},"potentialAction":[{"@type":"SearchAction","target":{"@type":"EntryPoint","urlTemplate":"https:\/\/skforum.at\/wp\/?s={search_term_string}"},"query-input":{"@type":"PropertyValueSpecification","valueRequired":true,"valueName":"search_term_string"}}],"inLanguage":"en-US"},{"@type":"Organization","@id":"https:\/\/skforum.at\/wp\/#organization","name":"SKForum","url":"https:\/\/skforum.at\/wp\/","logo":{"@type":"ImageObject","inLanguage":"en-US","@id":"https:\/\/skforum.at\/wp\/#\/schema\/logo\/image\/","url":"https:\/\/skforum.at\/wp\/wp-content\/uploads\/2019\/01\/SKForum-A1-Logo_manji.png","contentUrl":"https:\/\/skforum.at\/wp\/wp-content\/uploads\/2019\/01\/SKForum-A1-Logo_manji.png","width":333,"height":285,"caption":"SKForum"},"image":{"@id":"https:\/\/skforum.at\/wp\/#\/schema\/logo\/image\/"},"sameAs":["https:\/\/www.facebook.com\/SKForum-159155500768268\/?ref=ts","https:\/\/www.instagram.com\/skforum_vienna\/"]}]}},"_links":{"self":[{"href":"https:\/\/skforum.at\/wp\/wp-json\/wp\/v2\/pages\/24","targetHints":{"allow":["GET"]}}],"collection":[{"href":"https:\/\/skforum.at\/wp\/wp-json\/wp\/v2\/pages"}],"about":[{"href":"https:\/\/skforum.at\/wp\/wp-json\/wp\/v2\/types\/page"}],"author":[{"embeddable":true,"href":"https:\/\/skforum.at\/wp\/wp-json\/wp\/v2\/users\/1"}],"replies":[{"embeddable":true,"href":"https:\/\/skforum.at\/wp\/wp-json\/wp\/v2\/comments?post=24"}],"version-history":[{"count":8,"href":"https:\/\/skforum.at\/wp\/wp-json\/wp\/v2\/pages\/24\/revisions"}],"predecessor-version":[{"id":19301,"href":"https:\/\/skforum.at\/wp\/wp-json\/wp\/v2\/pages\/24\/revisions\/19301"}],"up":[{"embeddable":true,"href":"https:\/\/skforum.at\/wp\/wp-json\/wp\/v2\/pages\/15"}],"wp:attachment":[{"href":"https:\/\/skforum.at\/wp\/wp-json\/wp\/v2\/media?parent=24"}],"curies":[{"name":"wp","href":"https:\/\/api.w.org\/{rel}","templated":true}]}}